{"id":11,"date":"2015-01-27T11:54:42","date_gmt":"2015-01-27T11:54:42","guid":{"rendered":"http:\/\/avada.theme-fusion.com_demos\/travel\/?page_id=11"},"modified":"2026-02-24T16:57:44","modified_gmt":"2026-02-24T16:57:44","slug":"make-a-reservation","status":"publish","type":"page","link":"https:\/\/landbrugetsjobservice.dk\/?page_id=11","title":{"rendered":"KONTAKT OS"},"content":{"rendered":"<p><div class=\"fusion-fullwidth fullwidth-box fusion-builder-row-1 nonhundred-percent-fullwidth non-hundred-percent-height-scrolling\" style=\"--awb-background-position:left top;--awb-border-sizes-top:0px;--awb-border-sizes-bottom:0px;--awb-border-sizes-left:0px;--awb-border-sizes-right:0px;--awb-border-radius-top-left:0px;--awb-border-radius-top-right:0px;--awb-border-radius-bottom-right:0px;--awb-border-radius-bottom-left:0px;--awb-padding-top:70px;--awb-padding-bottom:75px;--awb-flex-wrap:wrap;\" ><div class=\"fusion-builder-row fusion-row\"><div class=\"fusion-layout-column fusion_builder_column fusion-builder-column-0 fusion_builder_column_1_2 1_2 fusion-one-half fusion-column-first\" style=\"--awb-bg-size:cover;width:48%; margin-right: 4%;\"><div class=\"fusion-column-wrapper fusion-flex-column-wrapper-legacy\"><div class=\"fusion-text fusion-text-1\"><h2>Kontakt os<\/h2>\n<p>Ring til Landbruget Jobservice:\u00a0 +45 62 80 00 91 eller +45 30 27 91 91.<\/p>\n<p>Du er ogs\u00e5 velkommen til at sende en besked til os &#8211; og vi vender tilbage hurtigst muligt.<\/p>\n<\/div>\n<div class=\"wpcf7 no-js\" id=\"wpcf7-f246-o1\" lang=\"en-US\" dir=\"ltr\" data-wpcf7-id=\"246\">\n<div class=\"screen-reader-response\"><p role=\"status\" aria-live=\"polite\" aria-atomic=\"true\"><\/p> <ul><\/ul><\/div>\n<form action=\"\/index.php?rest_route=%2Fwp%2Fv2%2Fpages%2F11#wpcf7-f246-o1\" method=\"post\" class=\"wpcf7-form init\" aria-label=\"Contact form\" novalidate=\"novalidate\" data-status=\"init\">\n<fieldset class=\"hidden-fields-container\"><input type=\"hidden\" name=\"_wpcf7\" value=\"246\" \/><input type=\"hidden\" name=\"_wpcf7_version\" value=\"6.1.5\" \/><input type=\"hidden\" name=\"_wpcf7_locale\" value=\"en_US\" \/><input type=\"hidden\" name=\"_wpcf7_unit_tag\" value=\"wpcf7-f246-o1\" \/><input type=\"hidden\" name=\"_wpcf7_container_post\" value=\"0\" \/><input type=\"hidden\" name=\"_wpcf7_posted_data_hash\" value=\"\" \/>\n<\/fieldset>\n<p><label>Navn (skal udfyldes)<br \/>\n<span class=\"wpcf7-form-control-wrap\" data-name=\"your-name\"><input size=\"40\" maxlength=\"400\" class=\"wpcf7-form-control wpcf7-text wpcf7-validates-as-required\" aria-required=\"true\" aria-invalid=\"false\" value=\"\" type=\"text\" name=\"your-name\" \/><\/span> <\/label>\n<\/p>\n<p><label>E-mail adresse (skal udfyldes)<br \/>\n<span class=\"wpcf7-form-control-wrap\" data-name=\"your-email\"><input size=\"40\" maxlength=\"400\" class=\"wpcf7-form-control wpcf7-email wpcf7-validates-as-required wpcf7-text wpcf7-validates-as-email\" aria-required=\"true\" aria-invalid=\"false\" value=\"\" type=\"email\" name=\"your-email\" \/><\/span> <\/label>\n<\/p>\n<p><label>Din besked<br \/>\n<span class=\"wpcf7-form-control-wrap\" data-name=\"your-message\"><textarea cols=\"40\" rows=\"10\" maxlength=\"2000\" class=\"wpcf7-form-control wpcf7-textarea\" aria-invalid=\"false\" name=\"your-message\"><\/textarea><\/span> <\/label>\n<\/p>\n<p><input class=\"wpcf7-form-control wpcf7-submit has-spinner\" type=\"submit\" value=\"SEND BESKED\" \/>\n<\/p><p style=\"display: none !important;\" class=\"akismet-fields-container\" data-prefix=\"_wpcf7_ak_\"><label>&#916;<textarea name=\"_wpcf7_ak_hp_textarea\" cols=\"45\" rows=\"8\" maxlength=\"100\"><\/textarea><\/label><input type=\"hidden\" id=\"ak_js_1\" name=\"_wpcf7_ak_js\" value=\"61\"\/><script>document.getElementById( \"ak_js_1\" ).setAttribute( \"value\", ( new Date() ).getTime() );<\/script><\/p><div class=\"fusion-alert alert custom alert-custom fusion-alert-center wpcf7-response-output fusion-alert-capitalize awb-alert-native-link-color alert-dismissable awb-alert-close-boxed\" style=\"--awb-border-size:1px;--awb-border-top-left-radius:0px;--awb-border-top-right-radius:0px;--awb-border-bottom-left-radius:0px;--awb-border-bottom-right-radius:0px;\" role=\"alert\"><div class=\"fusion-alert-content-wrapper\"><span class=\"fusion-alert-content\"><\/span><\/div><button type=\"button\" class=\"close toggle-alert\" data-dismiss=\"alert\" aria-label=\"Close\">&times;<\/button><\/div>\n<\/form>\n<\/div>\n<div class=\"fusion-sep-clear\"><\/div><div class=\"fusion-separator fusion-full-width-sep\" style=\"margin-left: auto;margin-right: auto;margin-bottom:20px;width:100%;\"><\/div><div class=\"fusion-sep-clear\"><\/div><div class=\"fusion-sep-clear\"><\/div><div class=\"fusion-separator fusion-full-width-sep\" style=\"margin-left: auto;margin-right: auto;width:100%;\"><div class=\"fusion-separator-border sep-single sep-solid\" style=\"--awb-height:20px;--awb-amount:20px;border-color:#e0dede;border-top-width:1px;\"><\/div><\/div><div class=\"fusion-sep-clear\"><\/div><div class=\"fusion-sep-clear\"><\/div><div class=\"fusion-separator fusion-full-width-sep\" style=\"margin-left: auto;margin-right: auto;margin-bottom:20px;width:100%;\"><\/div><div class=\"fusion-sep-clear\"><\/div><div class=\"fusion-text fusion-text-2\"><h2>FAQ<\/h2>\n<p>Har du sp\u00f8rgsm\u00e5l? Tjek nogle af de mest stillede sp\u00f8rgsm\u00e5l til Landbrugets Jobservice og send os en besked.<\/p>\n<\/div><div class=\"fusion-sep-clear\"><\/div><div class=\"fusion-separator fusion-full-width-sep\" style=\"margin-left: auto;margin-right: auto;margin-bottom:20px;width:100%;\"><\/div><div class=\"fusion-sep-clear\"><\/div><div class=\"fusion-sep-clear\"><\/div><div class=\"fusion-separator fusion-full-width-sep\" style=\"margin-left: auto;margin-right: auto;margin-bottom:20px;width:100%;\"><\/div><div class=\"fusion-sep-clear\"><\/div><div class=\"accordian fusion-accordian\" style=\"--awb-border-size:0px;--awb-icon-size:15px;--awb-content-font-size:15px;--awb-icon-alignment:left;--awb-hover-color:#f4f4f4;--awb-border-color:#f2f2f2;--awb-background-color:#f9f9f9;--awb-divider-color:#e0dede;--awb-divider-hover-color:#e0dede;--awb-icon-color:#333333;--awb-title-color:#333333;--awb-content-color:#747474;--awb-icon-box-color:#333333;--awb-toggle-hover-accent-color:#6666a4;--awb-title-font-family:&quot;Nixie One&quot;;--awb-title-font-weight:400;--awb-title-font-style:normal;--awb-title-font-size:18px;--awb-content-font-family:&quot;Open Sans&quot;;--awb-content-font-style:normal;--awb-content-font-weight:400;\"><div class=\"panel-group fusion-toggle-icon-unboxed\" id=\"accordion-11-1\"><div class=\"fusion-panel panel-default panel-e6c234cf46c4ce4d4 fusion-toggle-no-divider fusion-toggle-boxed-mode\" style=\"--awb-title-color:#333333;--awb-content-color:#747474;\"><div class=\"panel-heading\"><h4 class=\"panel-title toggle\" id=\"toggle_e6c234cf46c4ce4d4\"><a aria-expanded=\"false\" aria-controls=\"e6c234cf46c4ce4d4\" role=\"button\" data-toggle=\"collapse\" data-parent=\"#accordion-11-1\" data-target=\"#e6c234cf46c4ce4d4\" href=\"#e6c234cf46c4ce4d4\"><span class=\"fusion-toggle-icon-wrapper\" aria-hidden=\"true\"><i class=\"fa-fusion-box active-icon awb-icon-minus\" aria-hidden=\"true\"><\/i><i class=\"fa-fusion-box inactive-icon awb-icon-plus\" aria-hidden=\"true\"><\/i><\/span><span class=\"fusion-toggle-heading\">Praktikperiode for udenlandske praktikanter?<\/span><\/a><\/h4><\/div><div id=\"e6c234cf46c4ce4d4\" class=\"panel-collapse collapse \" aria-labelledby=\"toggle_e6c234cf46c4ce4d4\"><div class=\"panel-body toggle-content fusion-clearfix\">\n<p>Hvor lang tid m\u00e5 en landbrugspraktikant v\u00e6re i praktik i Danmark? Det m\u00e5 de i 18 mdr.<\/p>\n<\/div><\/div><\/div><div class=\"fusion-panel panel-default panel-9447b9a7f487b1589 fusion-toggle-no-divider fusion-toggle-boxed-mode\" style=\"--awb-title-color:#333333;--awb-content-color:#747474;\"><div class=\"panel-heading\"><h4 class=\"panel-title toggle\" id=\"toggle_9447b9a7f487b1589\"><a aria-expanded=\"false\" aria-controls=\"9447b9a7f487b1589\" role=\"button\" data-toggle=\"collapse\" data-parent=\"#accordion-11-1\" data-target=\"#9447b9a7f487b1589\" href=\"#9447b9a7f487b1589\"><span class=\"fusion-toggle-icon-wrapper\" aria-hidden=\"true\"><i class=\"fa-fusion-box active-icon awb-icon-minus\" aria-hidden=\"true\"><\/i><i class=\"fa-fusion-box inactive-icon awb-icon-plus\" aria-hidden=\"true\"><\/i><\/span><span class=\"fusion-toggle-heading\">Hvad er l\u00f8nnen for en praktikant?<\/span><\/a><\/h4><\/div><div id=\"9447b9a7f487b1589\" class=\"panel-collapse collapse \" aria-labelledby=\"toggle_9447b9a7f487b1589\"><div class=\"panel-body toggle-content fusion-clearfix\">\n<p>Hvad er l\u00f8nnen for eksempelvis for en praktikant i Danmark? Se l\u00f8nninger m. v. &#8211; fra og med 1. marts 2023 <a href=\"https:\/\/www.jordbrugetsuddannelser.dk\/media\/svekfbv3\/2023-landbrug-dyrepasser-loen.pdf\" target=\"_blank\" rel=\"noopener\">HER<\/a><\/p>\n<\/div><\/div><\/div><div class=\"fusion-panel panel-default panel-553de7f7576de05de fusion-toggle-no-divider fusion-toggle-boxed-mode\" style=\"--awb-title-color:#333333;--awb-content-color:#747474;\"><div class=\"panel-heading\"><h4 class=\"panel-title toggle\" id=\"toggle_553de7f7576de05de\"><a aria-expanded=\"false\" aria-controls=\"553de7f7576de05de\" role=\"button\" data-toggle=\"collapse\" data-parent=\"#accordion-11-1\" data-target=\"#553de7f7576de05de\" href=\"#553de7f7576de05de\"><span class=\"fusion-toggle-icon-wrapper\" aria-hidden=\"true\"><i class=\"fa-fusion-box active-icon awb-icon-minus\" aria-hidden=\"true\"><\/i><i class=\"fa-fusion-box inactive-icon awb-icon-plus\" aria-hidden=\"true\"><\/i><\/span><span class=\"fusion-toggle-heading\">Hvor lang tid tager det at f\u00e5 en udenlandsk praktikant?<\/span><\/a><\/h4><\/div><div id=\"553de7f7576de05de\" class=\"panel-collapse collapse \" aria-labelledby=\"toggle_553de7f7576de05de\"><div class=\"panel-body toggle-content fusion-clearfix\">\n<p>Hvor lang tid g\u00e5r der fra en foresp\u00f8rgsel p\u00e5 en udenlandsk praktikant, til man har en i arbejde? Der g\u00e5r typisk 2-4 mdr. Det kan g\u00e5 hurtigere, men kan ogs\u00e5 tage l\u00e6ngere tid. Der er desv\u00e6rre ingen garanti for, hvor lang behandlingstiden er hos udl\u00e6ndingestyrelsen, som skal godkende papirerne.<\/p>\n<\/div><\/div><\/div><\/div><\/div><div class=\"fusion-clearfix\"><\/div><\/div><\/div><div class=\"fusion-layout-column fusion_builder_column fusion-builder-column-1 fusion_builder_column_1_2 1_2 fusion-one-half fusion-column-last\" style=\"--awb-bg-size:cover;width:48%;\"><div class=\"fusion-column-wrapper fusion-flex-column-wrapper-legacy\"><div class=\"fusion-text fusion-text-3\"><h2><strong>AKTUELT HOS LANDBRUGETS JOBSERVICE:<\/strong><\/h2>\n<\/div><div class=\"fusion-text fusion-text-4\"><h3><strong>AGRICULTURE INTERNSHIP IN DENMARK<\/strong><\/h3>\n<h5>APRIL 2023<\/h5>\n<p>Landbrugets Jobservice er taget til Bangladesh for at tale med kommende praktikanter. \u00a0Der er afholdt seminarier i Dhaka med 225 interesserede og 180 i Sylhet og efterf\u00f8lgende personlige interviews. Databasen er nu fyldt med gode unge mennesker, som gerne vil arbejde med kv\u00e6g i Danmark.<\/p>\n<\/div><div class=\"fusion-sep-clear\"><\/div><div class=\"fusion-separator fusion-full-width-sep\" style=\"margin-left: auto;margin-right: auto;margin-bottom:20px;width:100%;\"><\/div><div class=\"fusion-sep-clear\"><\/div><div class=\"fusion-sep-clear\"><\/div><div class=\"fusion-separator fusion-full-width-sep\" style=\"margin-left: auto;margin-right: auto;width:100%;\"><div class=\"fusion-separator-border sep-single sep-solid\" style=\"--awb-height:20px;--awb-amount:20px;border-color:#e0dede;border-top-width:1px;\"><\/div><\/div><div class=\"fusion-sep-clear\"><\/div><div class=\"fusion-text fusion-text-5\"><h3><strong>&#8220;Hyggedag blandt bisonokser&#8221;<\/strong><\/h3>\n<p>&#8211; Artikel fra Landbrug Fyn, uge 25 2020. L\u00e6s den &#8211; <a href=\"https:\/\/landbrugfyn.landbrugnet.dk\/artikler\/virksomhedsstof\/hyggedag-blandt-bisonokser.aspx\" target=\"_blank\" rel=\"noopener noreferrer\">klik her<\/a><\/p>\n<p>Ditlevsdal Bison Farm p\u00e5 Nordvestfyn dannede rammen, da Landbrugets Jobservice den sidste dag i maj holdt hyggedag for landbrugspraktikanter og v\u00e6rtsfamilier.<\/p>\n<\/div><div class=\"fusion-text fusion-text-6\"><p>Deltagerne i hyggedagen oplevede med kyndige guider en lille times k\u00f8retur \u00bbtil pr\u00e6rievogns\u00ab blandt Ditlevsdals bisonokser. Foto: Thorbj\u00f8rn Andersen.<\/p>\n<\/div><div class=\"fusion-image-element in-legacy-container\" style=\"--awb-caption-title-font-family:var(--h2_typography-font-family);--awb-caption-title-font-weight:var(--h2_typography-font-weight);--awb-caption-title-font-style:var(--h2_typography-font-style);--awb-caption-title-size:var(--h2_typography-font-size);--awb-caption-title-transform:var(--h2_typography-text-transform);--awb-caption-title-line-height:var(--h2_typography-line-height);--awb-caption-title-letter-spacing:var(--h2_typography-letter-spacing);\"><span class=\" fusion-imageframe imageframe-none imageframe-1 hover-type-none\"><img decoding=\"async\" width=\"1200\" height=\"675\" title=\"16388\" src=\"http:\/\/landbrugetsjobservice.dk\/wp-content\/uploads\/2020\/08\/16388.jpg\" alt class=\"img-responsive wp-image-12686\" srcset=\"https:\/\/landbrugetsjobservice.dk\/wp-content\/uploads\/2020\/08\/16388-200x113.jpg 200w, https:\/\/landbrugetsjobservice.dk\/wp-content\/uploads\/2020\/08\/16388-400x225.jpg 400w, https:\/\/landbrugetsjobservice.dk\/wp-content\/uploads\/2020\/08\/16388-600x338.jpg 600w, https:\/\/landbrugetsjobservice.dk\/wp-content\/uploads\/2020\/08\/16388-800x450.jpg 800w, https:\/\/landbrugetsjobservice.dk\/wp-content\/uploads\/2020\/08\/16388.jpg 1200w\" sizes=\"(max-width: 800px) 100vw, 600px\" \/><\/span><\/div><div class=\"fusion-clearfix\"><\/div><\/div><\/div><\/div><\/div><div class=\"fusion-fullwidth fullwidth-box fusion-builder-row-2 hundred-percent-fullwidth non-hundred-percent-height-scrolling\" style=\"--awb-background-position:left top;--awb-border-sizes-top:0px;--awb-border-sizes-bottom:0px;--awb-border-sizes-left:0px;--awb-border-sizes-right:0px;--awb-border-radius-top-left:0px;--awb-border-radius-top-right:0px;--awb-border-radius-bottom-right:0px;--awb-border-radius-bottom-left:0px;--awb-padding-top:0px;--awb-padding-right:0px;--awb-padding-bottom:0px;--awb-padding-left:0px;--awb-flex-wrap:wrap;\" ><div class=\"fusion-builder-row fusion-row\"><div class=\"fusion-layout-column fusion_builder_column fusion-builder-column-2 fusion_builder_column_1_1 1_1 fusion-one-full fusion-column-first fusion-column-last fusion-column-no-min-height\" style=\"--awb-bg-size:cover;--awb-margin-bottom:0px;\"><div class=\"fusion-column-wrapper fusion-flex-column-wrapper-legacy\">\t\t\t\t\t<script type=\"text\/javascript\">\n\t\t\t\t\t\tvar map_fusion_map_69df1968a8ffc;\n\t\t\t\t\t\tvar markers = [];\n\t\t\t\t\t\tvar counter = 0;\n\t\t\t\t\t\t\t\t\t\t\t\t\t\t\t\t\t\t\t\tvar fusionMapNonce = 'af2c00d3c6';\n\t\t\t\t\t\t\t\t\t\t\t\tfunction fusion_run_map_fusion_map_69df1968a8ffc() {\n\t\t\t\t\t\t\tjQuery ('#fusion_map_69df1968a8ffc' ).fusion_maps( {\n\t\t\t\t\t\t\t\taddresses: [{\"address\":\"55.182318, 10.357067\",\"infobox_content\":\"\",\"marker\":\"http:\\\/\\\/landbrugetsjobservice.dk\\\/wp-content\\\/uploads\\\/2018\\\/07\\\/logo_web_google-01-01.png\",\"coordinates\":false,\"cache\":true,\"latitude\":\"55.182209\",\"longitude\":\"10.357027000000016\"}],\n\t\t\t\t\t\t\t\tanimations: true,\n\t\t\t\t\t\t\t\tinfobox_background_color: '',\n\t\t\t\t\t\t\t\tinfobox_styling: 'custom',\n\t\t\t\t\t\t\t\tinfobox_text_color: '#ffffff',\n\t\t\t\t\t\t\t\tmap_style: 'custom',\n\t\t\t\t\t\t\t\tmap_type: 'roadmap',\n\t\t\t\t\t\t\t\tmarker_icon: 'http:\/\/landbrugetsjobservice.dk\/wp-content\/uploads\/2018\/07\/logo_web_google-01-01.png',\n\t\t\t\t\t\t\t\toverlay_color: '',\n\t\t\t\t\t\t\t\toverlay_color_hsl: {\"hue\":0,\"sat\":0,\"lum\":100},\n\t\t\t\t\t\t\t\tshow_address: false,\n\t\t\t\t\t\t\t\tscale_control: true,\n\t\t\t\t\t\t\t\tscrollwheel: false,\n\t\t\t\t\t\t\t\tzoom: 13,\n\t\t\t\t\t\t\t\tzoom_control: true,\n\t\t\t\t\t\t\t} );\n\t\t\t\t\t\t}\n\n\t\t\t\t\t\tgoogle.maps.event.addDomListener(window, 'load', fusion_run_map_fusion_map_69df1968a8ffc);\n\t\t\t\t\t<\/script>\n\t\t\t\t\t<div class=\"shortcode-map fusion-google-map fusion-maps-js-type\" style=\"--awb-height:700px;\" id=\"fusion_map_69df1968a8ffc\"><\/div><div class=\"fusion-clearfix\"><\/div><\/div><\/div><\/div><\/div><div class=\"fusion-fullwidth fullwidth-box fusion-builder-row-3 hundred-percent-fullwidth non-hundred-percent-height-scrolling fusion-equal-height-columns\" style=\"--awb-background-position:left top;--awb-border-sizes-top:0px;--awb-border-sizes-bottom:0px;--awb-border-sizes-left:0px;--awb-border-sizes-right:0px;--awb-border-radius-top-left:0px;--awb-border-radius-top-right:0px;--awb-border-radius-bottom-right:0px;--awb-border-radius-bottom-left:0px;--awb-padding-top:0px;--awb-padding-right:0px;--awb-padding-bottom:-30px;--awb-padding-left:0px;--awb-flex-wrap:wrap;\" ><div class=\"fusion-builder-row fusion-row\"><div class=\"fusion-layout-column fusion_builder_column fusion-builder-column-3 fusion_builder_column_1_3 1_3 fusion-one-third fusion-column-first\" style=\"--awb-padding-top:10%;--awb-padding-right:10%;--awb-padding-bottom:10%;--awb-padding-left:10%;--awb-bg-color:rgba(1,123,150,0.87);--awb-bg-color-hover:rgba(1,123,150,0.87);--awb-bg-size:cover;--awb-margin-bottom:0px;\"><div class=\"fusion-column-wrapper fusion-flex-column-wrapper-legacy\"><div class=\"fusion-content-boxes content-boxes columns row fusion-columns-1 fusion-columns-total-1 fusion-content-boxes-1 content-boxes-icon-with-title content-left\" style=\"--awb-margin-bottom:0px;--awb-hover-accent-color:#e0e0e0;--awb-circle-hover-accent-color:transparent;--awb-item-margin-bottom:40px;\" data-animationOffset=\"top-into-view\"><div style=\"--awb-backgroundcolor:rgba(255,255,255,0);--awb-iconcolor:#ffffff;\" class=\"fusion-column content-box-column content-box-column content-box-column-1 col-lg-12 col-md-12 col-sm-12 fusion-content-box-hover content-box-column-last content-box-column-last-in-row\"><div class=\"col content-box-wrapper content-wrapper link-area-box icon-hover-animation-fade\" data-animationOffset=\"top-into-view\"><div class=\"heading heading-with-icon icon-left\"><div class=\"icon\"><i style=\"background-color:transparent;border-color:transparent;height:auto;width: 24px;line-height:normal;font-size:24px;\" aria-hidden=\"true\" class=\"fontawesome-icon fa-phone fas circle-no\"><\/i><\/div><h2 class=\"content-box-heading fusion-responsive-typography-calculated\" style=\"--h2_typography-font-size:25px;--fontSize:25;line-height:1.36;\">RING TIL OS<\/h2><\/div><div class=\"fusion-clearfix\"><\/div><div class=\"content-container\">\n<p><span style=\"color: #ffffff;\">Du er meget velkommen til at ringe &#8211; vi har altid tid til en snak om muligheder, hvad enten du er jobans\u00f8ger eller arbejdsgiver <\/span><\/p>\n<\/div><\/div><\/div><div class=\"fusion-clearfix\"><\/div><\/div><div class=\"fusion-clearfix\"><\/div><\/div><\/div><div class=\"fusion-layout-column fusion_builder_column fusion-builder-column-4 fusion_builder_column_1_3 1_3 fusion-one-third\" style=\"--awb-padding-top:10%;--awb-padding-right:10%;--awb-padding-bottom:10%;--awb-padding-left:10%;--awb-bg-color:rgba(1,123,150,0.66);--awb-bg-color-hover:rgba(1,123,150,0.66);--awb-bg-size:cover;--awb-margin-bottom:0px;\"><div class=\"fusion-column-wrapper fusion-flex-column-wrapper-legacy\"><div class=\"fusion-content-boxes content-boxes columns row fusion-columns-1 fusion-columns-total-1 fusion-content-boxes-2 content-boxes-icon-with-title content-left\" style=\"--awb-margin-bottom:0px;--awb-hover-accent-color:#e0e0e0;--awb-circle-hover-accent-color:transparent;--awb-item-margin-bottom:40px;\" data-animationOffset=\"top-into-view\"><div style=\"--awb-backgroundcolor:rgba(255,255,255,0);--awb-iconcolor:#ffffff;\" class=\"fusion-column content-box-column content-box-column content-box-column-1 col-lg-12 col-md-12 col-sm-12 fusion-content-box-hover content-box-column-last content-box-column-last-in-row\"><div class=\"col content-box-wrapper content-wrapper link-area-box icon-hover-animation-fade\" data-animationOffset=\"top-into-view\"><div class=\"heading heading-with-icon icon-left\"><div class=\"icon\"><i style=\"background-color:transparent;border-color:transparent;height:auto;width: 24px;line-height:normal;font-size:24px;\" aria-hidden=\"true\" class=\"fontawesome-icon fa-comments fas circle-no\"><\/i><\/div><h2 class=\"content-box-heading fusion-responsive-typography-calculated\" style=\"--h2_typography-font-size:25px;--fontSize:25;line-height:1.36;\">M\u00d8D OS<\/h2><\/div><div class=\"fusion-clearfix\"><\/div><div class=\"content-container\">\n<p><span style=\"color: #ffffff;\">Vi tilbyder arbejdsgivere et gratis form\u00f8de hos Landbrugets Jobservice. Kontakt os og aftal et tidspunkt for, hvorn\u00e5r du kan bes\u00f8ge os p\u00e5 Sydfyn<\/span><\/p>\n<\/div><\/div><\/div><div class=\"fusion-clearfix\"><\/div><\/div><div class=\"fusion-clearfix\"><\/div><\/div><\/div><div class=\"fusion-layout-column fusion_builder_column fusion-builder-column-5 fusion_builder_column_1_3 1_3 fusion-one-third fusion-column-last\" style=\"--awb-padding-top:10%;--awb-padding-right:10%;--awb-padding-bottom:10%;--awb-padding-left:10%;--awb-bg-color:rgba(1,123,150,0.98);--awb-bg-color-hover:rgba(1,123,150,0.98);--awb-bg-size:cover;--awb-margin-bottom:0px;\"><div class=\"fusion-column-wrapper fusion-flex-column-wrapper-legacy\"><div class=\"fusion-content-boxes content-boxes columns row fusion-columns-1 fusion-columns-total-1 fusion-content-boxes-3 content-boxes-icon-with-title content-left\" style=\"--awb-margin-bottom:0px;--awb-hover-accent-color:#e0e0e0;--awb-circle-hover-accent-color:transparent;--awb-item-margin-bottom:40px;\" data-animationOffset=\"top-into-view\"><div style=\"--awb-backgroundcolor:rgba(255,255,255,0);--awb-iconcolor:#ffffff;\" class=\"fusion-column content-box-column content-box-column content-box-column-1 col-lg-12 col-md-12 col-sm-12 fusion-content-box-hover content-box-column-last content-box-column-last-in-row\"><div class=\"col content-box-wrapper content-wrapper link-area-box icon-hover-animation-fade\" data-animationOffset=\"top-into-view\"><div class=\"heading heading-with-icon icon-left\"><div class=\"icon\"><i style=\"background-color:transparent;border-color:transparent;height:auto;width: 24px;line-height:normal;font-size:24px;\" aria-hidden=\"true\" class=\"fontawesome-icon fa-phone fas circle-no\"><\/i><\/div><h2 class=\"content-box-heading fusion-responsive-typography-calculated\" style=\"--h2_typography-font-size:25px;--fontSize:25;line-height:1.36;\">STIL SP\u00d8RGSM\u00c5L<\/h2><\/div><div class=\"fusion-clearfix\"><\/div><div class=\"content-container\">\n<p><span style=\"color: #ffffff;\">Hvis du har brug for yderligere svar p\u00e5 sp\u00f8rgsm\u00e5l s\u00e5 udfyld formularen p\u00e5 denne side, og vi vender hurtigst muligt tilbage &#8211; eller ring til os<\/span><\/p>\n<\/div><\/div><\/div><div class=\"fusion-clearfix\"><\/div><\/div><div class=\"fusion-clearfix\"><\/div><\/div><\/div><\/div><\/div><\/p>\n","protected":false},"excerpt":{"rendered":"","protected":false},"author":3,"featured_media":0,"parent":0,"menu_order":0,"comment_status":"closed","ping_status":"open","template":"100-width.php","meta":{"footnotes":""},"class_list":["post-11","page","type-page","status-publish","hentry"],"_links":{"self":[{"href":"https:\/\/landbrugetsjobservice.dk\/index.php?rest_route=\/wp\/v2\/pages\/11","targetHints":{"allow":["GET"]}}],"collection":[{"href":"https:\/\/landbrugetsjobservice.dk\/index.php?rest_route=\/wp\/v2\/pages"}],"about":[{"href":"https:\/\/landbrugetsjobservice.dk\/index.php?rest_route=\/wp\/v2\/types\/page"}],"author":[{"embeddable":true,"href":"https:\/\/landbrugetsjobservice.dk\/index.php?rest_route=\/wp\/v2\/users\/3"}],"replies":[{"embeddable":true,"href":"https:\/\/landbrugetsjobservice.dk\/index.php?rest_route=%2Fwp%2Fv2%2Fcomments&post=11"}],"version-history":[{"count":38,"href":"https:\/\/landbrugetsjobservice.dk\/index.php?rest_route=\/wp\/v2\/pages\/11\/revisions"}],"predecessor-version":[{"id":13376,"href":"https:\/\/landbrugetsjobservice.dk\/index.php?rest_route=\/wp\/v2\/pages\/11\/revisions\/13376"}],"wp:attachment":[{"href":"https:\/\/landbrugetsjobservice.dk\/index.php?rest_route=%2Fwp%2Fv2%2Fmedia&parent=11"}],"curies":[{"name":"wp","href":"https:\/\/api.w.org\/{rel}","templated":true}]}}