{"id":16,"date":"2015-01-27T11:55:16","date_gmt":"2015-01-27T11:55:16","guid":{"rendered":"http:\/\/avada.theme-fusion.com_demos\/travel\/?page_id=16"},"modified":"2026-02-02T09:17:16","modified_gmt":"2026-02-02T09:17:16","slug":"travel-blog","status":"publish","type":"page","link":"https:\/\/landbrugetsjobservice.dk\/?page_id=16","title":{"rendered":"ARBEJDSGIVER"},"content":{"rendered":"<p><div class=\"fusion-fullwidth fullwidth-box fusion-builder-row-1 hundred-percent-fullwidth non-hundred-percent-height-scrolling fusion-equal-height-columns\" style=\"--awb-background-position:left top;--awb-border-sizes-top:0px;--awb-border-sizes-bottom:0px;--awb-border-sizes-left:0px;--awb-border-sizes-right:0px;--awb-border-radius-top-left:0px;--awb-border-radius-top-right:0px;--awb-border-radius-bottom-right:0px;--awb-border-radius-bottom-left:0px;--awb-padding-top:90px;--awb-padding-right:0px;--awb-padding-bottom:0px;--awb-padding-left:0px;--awb-flex-wrap:wrap;\" ><div class=\"fusion-builder-row fusion-row\"><div class=\"fusion-layout-column fusion_builder_column fusion-builder-column-0 fusion_builder_column_1_2 1_2 fusion-one-half fusion-column-first\" style=\"--awb-bg-image:url(&#039;http:\/\/landbrugetsjobservice.dk\/wp-content\/uploads\/2018\/07\/toptekst_smal_4.jpg&#039;);--awb-bg-position:center center;--awb-bg-size:cover;width:48%; margin-right: 4%;\" data-scroll-devices=\"small-visibility,medium-visibility,large-visibility\"><div class=\"fusion-column-wrapper fusion-column-has-shadow fusion-flex-column-wrapper-legacy fusion-empty-column-bg-image fusion-column-has-bg-image\" data-bg-url=\"http:\/\/landbrugetsjobservice.dk\/wp-content\/uploads\/2018\/07\/toptekst_smal_4.jpg\"><img decoding=\"async\" class=\"fusion-empty-dims-img-placeholder fusion-no-large-visibility\" src=\"data:image\/gif;base64,R0lGODlhAQABAAAAACH5BAEKAAEALAAAAAABAAEAAAICTAEAOw==\"><div class=\"fusion-clearfix\"><\/div><\/div><\/div><div class=\"fusion-layout-column fusion_builder_column fusion-builder-column-1 fusion_builder_column_1_2 1_2 fusion-one-half fusion-column-last special\" style=\"--awb-padding-top:30px;--awb-padding-right:15%;--awb-padding-bottom:30px;--awb-padding-left:30px;--awb-bg-size:cover;--awb-margin-bottom:0px;width:48%;\"><div class=\"fusion-column-wrapper fusion-flex-column-wrapper-legacy\"><div class=\"fusion-text fusion-text-1\"><h1>Vi tilbyder Full Service<\/h1>\n<\/div><div class=\"fusion-sep-clear\"><\/div><div class=\"fusion-separator fusion-clearfix separator-left\" style=\"float:left;margin-top:0px;margin-bottom:30px;width:100%;max-width:170px;\"><div class=\"fusion-separator-border sep-single sep-solid\" style=\"--awb-height:20px;--awb-amount:20px;--awb-sep-color:#000000;border-color:#000000;border-top-width:1px;\"><\/div><\/div><div class=\"fusion-sep-clear\"><\/div><div class=\"fusion-text fusion-text-2\"><h3>Vi f\u00f8lger hele processen. Ved udenlandsk ans\u00e6ttelse kommer vi p\u00e5 bes\u00f8g og vi assisterer gerne ved registrering hos offentlig myndighed<\/h3>\n<\/div><div class=\"fusion-clearfix\"><\/div><\/div><\/div><\/div><\/div><div class=\"fusion-fullwidth fullwidth-box fusion-builder-row-2 nonhundred-percent-fullwidth non-hundred-percent-height-scrolling\" style=\"--awb-background-position:left top;--awb-border-sizes-top:0px;--awb-border-sizes-bottom:0px;--awb-border-sizes-left:0px;--awb-border-sizes-right:0px;--awb-border-radius-top-left:0px;--awb-border-radius-top-right:0px;--awb-border-radius-bottom-right:0px;--awb-border-radius-bottom-left:0px;--awb-padding-top:30px;--awb-padding-bottom:60px;--awb-flex-wrap:wrap;\" ><div class=\"fusion-builder-row fusion-row\"><div class=\"fusion-layout-column fusion_builder_column fusion-builder-column-2 fusion_builder_column_1_2 1_2 fusion-one-half fusion-column-first\" style=\"--awb-bg-size:cover;width:48%; margin-right: 4%;\"><div class=\"fusion-column-wrapper fusion-flex-column-wrapper-legacy\"><div class=\"fusion-text fusion-text-3\"><p>Uanset om du er ny eller gammel arbejdsgiver hos os, skal du bare ringe os op p\u00e5 telefonnummer <b>62 8000 91<\/b>. S\u00e5 f\u00e5r vi lige en snak om dine \u00f8nsker og muligheder vedr. din s\u00f8gning efter ny medarbejder.<\/p>\n<p>For <b>arbejdsgivere<\/b> g\u00e6lder det, at man ved optagelse i vores kartotek samtidig<\/p>\n<\/div><div class=\"fusion-clearfix\"><\/div><\/div><\/div><div class=\"fusion-layout-column fusion_builder_column fusion-builder-column-3 fusion_builder_column_1_2 1_2 fusion-one-half fusion-column-last\" style=\"--awb-padding-right:0px;--awb-padding-left:0px;--awb-bg-size:cover;width:48%;\"><div class=\"fusion-column-wrapper fusion-flex-column-wrapper-legacy\"><div class=\"fusion-text fusion-text-4\"><p>forpligter sig til omg\u00e5ende at meddele os, n\u00e5r en stilling er besat, og af hvem.<\/p>\n<p><strong>Landbrugs- og dyrepasseruddannelsen<\/strong><br \/>\nL\u00f8nninger for elever &#8211; fra og med 1. marts 2023 til og med 29. februar 2024. Her kan du l\u00e6se om l\u00f8nsatser for elever. <a href=\"https:\/\/www.jordbrugetsuddannelser.dk\/media\/svekfbv3\/2023-landbrug-dyrepasser-loen.pdf\" target=\"_blank\" rel=\"noopener\">Klik her<\/a><\/p>\n<\/div><div class=\"fusion-clearfix\"><\/div><\/div><\/div><\/div><\/div><div class=\"fusion-fullwidth fullwidth-box fusion-builder-row-3 nonhundred-percent-fullwidth non-hundred-percent-height-scrolling\" style=\"--awb-background-position:left top;--awb-border-sizes-top:0px;--awb-border-sizes-bottom:0px;--awb-border-sizes-left:0px;--awb-border-sizes-right:0px;--awb-border-radius-top-left:0px;--awb-border-radius-top-right:0px;--awb-border-radius-bottom-right:0px;--awb-border-radius-bottom-left:0px;--awb-padding-top:60px;--awb-padding-bottom:110px;--awb-background-color:#f0f0ed;--awb-flex-wrap:wrap;\" ><div class=\"fusion-builder-row fusion-row\"><div class=\"fusion-layout-column fusion_builder_column fusion-builder-column-4 fusion_builder_column_1_1 1_1 fusion-one-full fusion-column-first fusion-column-last fusion-column-no-min-height\" style=\"--awb-bg-size:cover;--awb-margin-bottom:0px;\"><div class=\"fusion-column-wrapper fusion-flex-column-wrapper-legacy\"><div class=\"fusion-text fusion-text-5\"><h3 style=\"text-align: center;\"><\/h3>\n<h3 style=\"text-align: center;\"><\/h3>\n<\/div><div class=\"fusion-sep-clear\"><\/div><div class=\"fusion-separator\" style=\"margin-left: auto;margin-right: auto;margin-top:60px;margin-bottom:60px;width:100%;max-width:170px;\"><div class=\"fusion-separator-border sep-single sep-solid\" style=\"--awb-height:20px;--awb-amount:20px;--awb-sep-color:#000000;border-color:#000000;border-top-width:1px;\"><\/div><\/div><div class=\"fusion-sep-clear\"><\/div><div class=\"fusion-text fusion-text-6\"><h2 style=\"text-align: center;\"><strong>Kontakt Landbrugets Jobservice og lad os hj\u00e6lpe dig med at finde den helt rigtige kandidat\u00a0 i vores store database <\/strong><strong>af relevante jobs\u00f8gere. <\/strong><\/h2>\n<h2 style=\"text-align: center;\"><strong>Vi formidler jobs\u00f8gere og praktikanter fra:<\/strong><\/h2>\n<h2 style=\"text-align: center;\"><strong> Sydafrika, Indien, Vietnam og Bangladesh.<\/strong><\/h2>\n<h2 style=\"text-align: center;\"><strong>\u00a0<\/strong><\/h2>\n<\/div><div class=\"fusion-clearfix\"><\/div><\/div><\/div><\/div><\/div><div class=\"fusion-fullwidth fullwidth-box fusion-builder-row-4 nonhundred-percent-fullwidth non-hundred-percent-height-scrolling\" style=\"--awb-background-position:left top;--awb-border-sizes-top:0px;--awb-border-sizes-bottom:0px;--awb-border-sizes-left:0px;--awb-border-sizes-right:0px;--awb-border-radius-top-left:0px;--awb-border-radius-top-right:0px;--awb-border-radius-bottom-right:0px;--awb-border-radius-bottom-left:0px;--awb-padding-top:20px;--awb-padding-bottom:65px;--awb-flex-wrap:wrap;\" ><div class=\"fusion-builder-row fusion-row\"><div class=\"fusion-layout-column fusion_builder_column fusion-builder-column-5 fusion_builder_column_1_1 1_1 fusion-one-full fusion-column-first fusion-column-last\" style=\"--awb-bg-size:cover;--awb-margin-top:50px;\"><div class=\"fusion-column-wrapper fusion-flex-column-wrapper-legacy\"><div class=\"fusion-text fusion-text-7\"><h1><strong>PRAKTIKANTER<\/strong><\/h1>\n<\/div><div class=\"fusion-clearfix\"><\/div><\/div><\/div><div class=\"fusion-layout-column fusion_builder_column fusion-builder-column-6 fusion_builder_column_1_2 1_2 fusion-one-half fusion-column-first\" style=\"--awb-bg-size:cover;width:48%; margin-right: 4%;\"><div class=\"fusion-column-wrapper fusion-flex-column-wrapper-legacy\"><div class=\"fusion-text fusion-text-8\"><p><span style=\"font-weight: 400;\">En udl\u00e6nding kan under visse betingelser f\u00e5 opholds \u2013og arbejdstilladelse i Danmark som praktikant.<\/span><\/p>\n<p><span style=\"font-weight: 400;\">Opholdstilladelse som <strong>praktikant<\/strong> kan gives til en person, der skal arbejde her i landet i en kortere periode som led i en uddannelse, som han eller hun har p\u00e5begyndt eller erhvervet i hjemlandet.<\/span><\/p>\n<p><strong>Krav til praktikanter:<br \/>\n<\/strong><span style=\"font-weight: 400;\">En udl\u00e6nding kan f\u00e5 opholds \u2013og arbejdstilladelse som praktikant, hvis ganske s\u00e6rlige uddannelsesm\u00e6ssige grunde taler for det. <\/span><\/p>\n<p>F\u00f8lgende <strong>betingelser<\/strong> skal v\u00e6re opfyldt:<\/p>\n<ul>\n<li>Ans\u00f8geren skal v\u00e6re fyldt 18 \u00e5r, men ikke 30 \u00e5r p\u00e5 ans\u00f8gningstidspunktet.<\/li>\n<li>Praktikopholdet skal have til form\u00e5l at supplere en allerede p\u00e5begyndt eller erhvervet uddannelse og skal have en naturlig tilknytning til denne uddannelse.<\/li>\n<li>Praktikstedet skal v\u00e6re egnet til at modtage ans\u00f8geren i uddannelsesforl\u00f8bet.<\/li>\n<li>L\u00f8n\u2013 og ans\u00e6ttelsesforhold skal v\u00e6re almindelige efter danske forhold.<\/li>\n<li>Praktikperioden kan vare maksimalt 18 m\u00e5neder.<\/li>\n<\/ul>\n<\/div><div class=\"fusion-clearfix\"><\/div><\/div><\/div><div class=\"fusion-layout-column fusion_builder_column fusion-builder-column-7 fusion_builder_column_1_2 1_2 fusion-one-half fusion-column-last\" style=\"--awb-bg-size:cover;width:48%;\"><div class=\"fusion-column-wrapper fusion-flex-column-wrapper-legacy\"><div class=\"fusion-text fusion-text-9\"><p><strong>Konsekvenserne af ulovligt arbejde<\/strong><br \/>\n<span style=\"font-weight: 400;\">En udl\u00e6nding m\u00e5 ikke begynde som praktikant uden f\u00f8rst at have f\u00e5et en opholds \u2013og arbejdstilladelse. Hvis han eller hun g\u00f8r det, risikerer den p\u00e5g\u00e6ldende at blive udvist af Danmark og f\u00e5 forbud mod at rejse ind igen inden for en n\u00e6rmere fastsat periode (typisk et \u00e5r).<\/span><br \/>\n<span style=\"font-weight: 400;\">Udl\u00e6ndingen risikerer ogs\u00e5 at blive straffet med b\u00f8de eller f\u00e6ngsel. Det samme g\u00e6lder for den arbejdsgiver, som har ansat udl\u00e6ndingen uden arbejdstilladelse.<\/span><\/p>\n<\/div><div class=\"fusion-clearfix\"><\/div><\/div><\/div><\/div><\/div><div class=\"fusion-fullwidth fullwidth-box fusion-builder-row-5 fusion-parallax-none nonhundred-percent-fullwidth non-hundred-percent-height-scrolling\" style=\"--awb-border-sizes-top:0px;--awb-border-sizes-bottom:0px;--awb-border-sizes-left:0px;--awb-border-sizes-right:0px;--awb-border-radius-top-left:0px;--awb-border-radius-top-right:0px;--awb-border-radius-bottom-right:0px;--awb-border-radius-bottom-left:0px;--awb-padding-top:110px;--awb-padding-bottom:100px;--awb-background-color:#6666a4;--awb-background-image:url(&quot;http:\/\/landbrugetsjobservice.dk\/wp-content\/uploads\/2018\/06\/IMAGEbillede_C_1900x1169.jpg&quot;);--awb-background-size:cover;--awb-flex-wrap:wrap;\" ><div class=\"fusion-builder-row fusion-row\"><div class=\"fusion-layout-column fusion_builder_column fusion-builder-column-8 fusion_builder_column_1_1 1_1 fusion-one-full fusion-column-first fusion-column-last fusion-column-no-min-height\" style=\"--awb-bg-size:cover;--awb-margin-bottom:0px;\"><div class=\"fusion-column-wrapper fusion-flex-column-wrapper-legacy\"><div class=\"fusion-clearfix\"><\/div><\/div><\/div><\/div><\/div><div class=\"fusion-fullwidth fullwidth-box fusion-builder-row-6 nonhundred-percent-fullwidth non-hundred-percent-height-scrolling\" style=\"--awb-border-radius-top-left:0px;--awb-border-radius-top-right:0px;--awb-border-radius-bottom-right:0px;--awb-border-radius-bottom-left:0px;--awb-flex-wrap:wrap;\" ><div class=\"fusion-builder-row fusion-row\"><div class=\"fusion-layout-column fusion_builder_column fusion-builder-column-9 fusion_builder_column_1_1 1_1 fusion-one-full fusion-column-first fusion-column-last\" style=\"--awb-bg-size:cover;\"><div class=\"fusion-column-wrapper fusion-flex-column-wrapper-legacy\"><div class=\"fusion-text fusion-text-10\"><h1><\/h1>\n<h1><strong>Udtalelser fra landm\u00e6nd i Danmark<\/strong><\/h1>\n<\/div><div class=\"fusion-clearfix\"><\/div><\/div><\/div><div class=\"fusion-layout-column fusion_builder_column fusion-builder-column-10 fusion_builder_column_1_2 1_2 fusion-one-half fusion-column-first\" style=\"--awb-bg-size:cover;width:50%;width:calc(50% - ( ( 4% ) * 0.5 ) );margin-right: 4%;\"><div class=\"fusion-column-wrapper fusion-flex-column-wrapper-legacy\"><div class=\"fusion-text fusion-text-11\"><p>Landbrugets Jobservice har formidlet arbejde for praktikanter til danske landm\u00e6nd gennem 20 \u00e5r, og har en mange gode referencer med succeshistorier fra landm\u00e6nd, som har haft stor gl\u00e6de af de praktikanter som Landbrugets Jobservice har skaffet. \u00d8nsker du at f\u00e5 oplyst referencer og kontaktpersoner, som kan fort\u00e6lle om deres oplevelser og erfaringer, er du meget velkommen til at kontakte Landbrugets Jobservice, og vi vil s\u00f8rge for, at du f\u00e5r oplyst referencer, som du kan kontakte direkte.<\/p>\n<\/div><div class=\"fusion-clearfix\"><\/div><\/div><\/div><div class=\"fusion-layout-column fusion_builder_column fusion-builder-column-11 fusion_builder_column_1_2 1_2 fusion-one-half fusion-column-last\" style=\"--awb-bg-size:cover;width:50%;width:calc(50% - ( ( 4% ) * 0.5 ) );\"><div class=\"fusion-column-wrapper fusion-flex-column-wrapper-legacy\"><div class=\"fusion-text fusion-text-12\"><p><strong>Kontakt Landbrugets Jobservice: <\/strong><\/p>\n<p>Kontakt Peder Top hos Landbrugets Jobservice og han vil give referencer videre:<\/p>\n<p>Tlf.: +45 30 27 91 91<\/p>\n<p>Mail: <a href=\"mailto:pt@lajo.dk\" target=\"_blank\" rel=\"noopener\">pt@lajo.dk<\/a><\/p>\n<\/div><div class=\"fusion-clearfix\"><\/div><\/div><\/div><\/div><\/div><div class=\"fusion-bg-parallax\" data-bg-align=\"center center\" data-direction=\"up\" data-mute=\"false\" data-opacity=\"100\" data-velocity=\"-0.3\" data-mobile-enabled=\"false\" data-break_parents=\"0\" data-bg-image=\"http:\/\/landbrugetsjobservice.dk\/wp-content\/uploads\/2015\/01\/Jobside_top2_1900x1169.jpg\" data-bg-repeat=\"false\" data-bg-color=\"#6666a4\" ><\/div><div class=\"fusion-fullwidth fullwidth-box fusion-builder-row-7 has-pattern-background has-mask-background fusion-parallax-up nonhundred-percent-fullwidth non-hundred-percent-height-scrolling\" style=\"--awb-border-sizes-top:0px;--awb-border-sizes-bottom:0px;--awb-border-sizes-left:0px;--awb-border-sizes-right:0px;--awb-border-radius-top-left:0px;--awb-border-radius-top-right:0px;--awb-border-radius-bottom-right:0px;--awb-border-radius-bottom-left:0px;--awb-padding-top:200px;--awb-padding-bottom:200px;--awb-background-color:#6666a4;--awb-background-image:url(&quot;http:\/\/landbrugetsjobservice.dk\/wp-content\/uploads\/2015\/01\/Jobside_top2_1900x1169.jpg&quot;);--awb-background-size:cover;--awb-flex-wrap:wrap;\" ><div class=\"fusion-builder-row fusion-row\"><div class=\"fusion-layout-column fusion_builder_column fusion-builder-column-12 fusion_builder_column_1_1 1_1 fusion-one-full fusion-column-first fusion-column-last fusion-column-no-min-height\" style=\"--awb-bg-size:cover;--awb-margin-bottom:0px;\"><div class=\"fusion-column-wrapper fusion-flex-column-wrapper-legacy\"><div class=\"fusion-text fusion-text-13\"><h1 style=\"text-align: center; color: #fff;\">VI G\u00d8R EN FORSKEL<\/h1>\n<\/div><div class=\"fusion-clearfix\"><\/div><\/div><\/div><div class=\"fusion-layout-column fusion_builder_column fusion-builder-column-13 fusion_builder_column_1_1 1_1 fusion-one-full fusion-column-first fusion-column-last fusion-column-no-min-height\" style=\"--awb-bg-size:cover;--awb-margin-bottom:0px;\"><div class=\"fusion-column-wrapper fusion-flex-column-wrapper-legacy\"><div class=\"fusion-text fusion-text-14\"><h3 style=\"text-align: center; color: #fff;\">Vi tilbyder et gratis form\u00f8de hos Landbrugets Jobservice.<br \/>\nKontakt os og aftal et tidspunkt for, hvorn\u00e5r du kan bes\u00f8ge os p\u00e5 Sydfyn<\/h3>\n<\/div><div class=\"fusion-sep-clear\"><\/div><div class=\"fusion-separator fusion-full-width-sep\" style=\"margin-left: auto;margin-right: auto;margin-top:10px;margin-bottom:10px;width:100%;\"><\/div><div class=\"fusion-sep-clear\"><\/div><div class=\"fusion-button-wrapper fusion-aligncenter\"><a class=\"fusion-button button-flat fusion-button-default-size button-default fusion-button-default button-1 fusion-button-default-span fusion-button-default-type\" target=\"_self\" href=\"http:\/\/landbrugetsjobservice.dk\/?page_id=11\"><span class=\"fusion-button-text awb-button__text awb-button__text--default\">KONTAKT OS<\/span><\/a><\/div><div class=\"fusion-clearfix\"><\/div><\/div><\/div><\/div><\/div><\/p>\n","protected":false},"excerpt":{"rendered":"","protected":false},"author":3,"featured_media":0,"parent":0,"menu_order":0,"comment_status":"closed","ping_status":"open","template":"100-width.php","meta":{"footnotes":""},"class_list":["post-16","page","type-page","status-publish","hentry"],"_links":{"self":[{"href":"https:\/\/landbrugetsjobservice.dk\/index.php?rest_route=\/wp\/v2\/pages\/16","targetHints":{"allow":["GET"]}}],"collection":[{"href":"https:\/\/landbrugetsjobservice.dk\/index.php?rest_route=\/wp\/v2\/pages"}],"about":[{"href":"https:\/\/landbrugetsjobservice.dk\/index.php?rest_route=\/wp\/v2\/types\/page"}],"author":[{"embeddable":true,"href":"https:\/\/landbrugetsjobservice.dk\/index.php?rest_route=\/wp\/v2\/users\/3"}],"replies":[{"embeddable":true,"href":"https:\/\/landbrugetsjobservice.dk\/index.php?rest_route=%2Fwp%2Fv2%2Fcomments&post=16"}],"version-history":[{"count":88,"href":"https:\/\/landbrugetsjobservice.dk\/index.php?rest_route=\/wp\/v2\/pages\/16\/revisions"}],"predecessor-version":[{"id":13107,"href":"https:\/\/landbrugetsjobservice.dk\/index.php?rest_route=\/wp\/v2\/pages\/16\/revisions\/13107"}],"wp:attachment":[{"href":"https:\/\/landbrugetsjobservice.dk\/index.php?rest_route=%2Fwp%2Fv2%2Fmedia&parent=16"}],"curies":[{"name":"wp","href":"https:\/\/api.w.org\/{rel}","templated":true}]}}