{"id":7,"date":"2015-01-27T11:54:04","date_gmt":"2015-01-27T11:54:04","guid":{"rendered":"http:\/\/avada.theme-fusion.com_demos\/travel\/?page_id=7"},"modified":"2024-07-05T10:07:31","modified_gmt":"2024-07-05T10:07:31","slug":"home","status":"publish","type":"page","link":"https:\/\/landbrugetsjobservice.dk\/","title":{"rendered":"Home"},"content":{"rendered":"<p><div class=\"fusion-fullwidth fullwidth-box fusion-builder-row-1 fusion-flex-container nonhundred-percent-fullwidth non-hundred-percent-height-scrolling\" style=\"--awb-border-radius-top-left:0px;--awb-border-radius-top-right:0px;--awb-border-radius-bottom-right:0px;--awb-border-radius-bottom-left:0px;--awb-padding-top:100px px;--awb-padding-bottom:100px px;--awb-margin-top:100px px;--awb-margin-bottom:100px px;--awb-flex-wrap:wrap;\" ><div class=\"fusion-builder-row fusion-row fusion-flex-align-items-flex-start fusion-flex-content-wrap\" style=\"max-width:1216.8px;margin-left: calc(-4% \/ 2 );margin-right: calc(-4% \/ 2 );\"><div class=\"fusion-layout-column fusion_builder_column fusion-builder-column-0 fusion_builder_column_1_1 1_1 fusion-flex-column\" style=\"--awb-bg-size:cover;--awb-width-large:100%;--awb-margin-top-large:0px;--awb-spacing-right-large:1.92%;--awb-margin-bottom-large:20px;--awb-spacing-left-large:1.92%;--awb-width-medium:100%;--awb-order-medium:0;--awb-spacing-right-medium:1.92%;--awb-spacing-left-medium:1.92%;--awb-width-small:100%;--awb-order-small:0;--awb-spacing-right-small:1.92%;--awb-spacing-left-small:1.92%;\"><div class=\"fusion-column-wrapper fusion-column-has-shadow fusion-flex-justify-content-flex-start fusion-content-layout-column\"><div class=\"fusion-separator fusion-full-width-sep\" style=\"align-self: center;margin-left: auto;margin-right: auto;margin-top:50px;margin-bottom:50px;width:100%;\"><div class=\"fusion-separator-border sep-double\" style=\"--awb-height:20px;--awb-amount:20px;border-color:#e0dede;border-top-width:0px;border-bottom-width:0px;\"><\/div><\/div><\/div><\/div><div class=\"fusion-layout-column fusion_builder_column fusion-builder-column-1 fusion_builder_column_1_1 1_1 fusion-flex-column\" style=\"--awb-bg-size:cover;--awb-width-large:100%;--awb-margin-top-large:0px;--awb-spacing-right-large:1.92%;--awb-margin-bottom-large:20px;--awb-spacing-left-large:1.92%;--awb-width-medium:100%;--awb-spacing-right-medium:1.92%;--awb-spacing-left-medium:1.92%;--awb-width-small:100%;--awb-spacing-right-small:1.92%;--awb-spacing-left-small:1.92%;\"><div class=\"fusion-column-wrapper fusion-flex-justify-content-flex-start fusion-content-layout-column\"><div class=\"fusion-image-element \" style=\"--awb-caption-title-font-family:var(--h2_typography-font-family);--awb-caption-title-font-weight:var(--h2_typography-font-weight);--awb-caption-title-font-style:var(--h2_typography-font-style);--awb-caption-title-size:var(--h2_typography-font-size);--awb-caption-title-transform:var(--h2_typography-text-transform);--awb-caption-title-line-height:var(--h2_typography-line-height);--awb-caption-title-letter-spacing:var(--h2_typography-letter-spacing);\"><span class=\" fusion-imageframe imageframe-none imageframe-1 hover-type-none\"><img decoding=\"async\" width=\"2560\" height=\"1129\" title=\"collage_case_web_040724\" src=\"http:\/\/landbrugetsjobservice.dk\/wp-content\/uploads\/2024\/07\/collage_case_web_040724-scaled.jpg\" alt class=\"img-responsive wp-image-13276\" srcset=\"https:\/\/landbrugetsjobservice.dk\/wp-content\/uploads\/2024\/07\/collage_case_web_040724-200x88.jpg 200w, https:\/\/landbrugetsjobservice.dk\/wp-content\/uploads\/2024\/07\/collage_case_web_040724-400x176.jpg 400w, https:\/\/landbrugetsjobservice.dk\/wp-content\/uploads\/2024\/07\/collage_case_web_040724-600x265.jpg 600w, https:\/\/landbrugetsjobservice.dk\/wp-content\/uploads\/2024\/07\/collage_case_web_040724-800x353.jpg 800w, https:\/\/landbrugetsjobservice.dk\/wp-content\/uploads\/2024\/07\/collage_case_web_040724-1200x529.jpg 1200w, https:\/\/landbrugetsjobservice.dk\/wp-content\/uploads\/2024\/07\/collage_case_web_040724-scaled.jpg 2560w\" sizes=\"(max-width: 1024px) 100vw, (max-width: 640px) 100vw, 1200px\" \/><\/span><\/div><div class=\"fusion-text fusion-text-1\"><h1><strong>PRAKTIKANTER FRA INDIEN<br \/>\n&#8211; en god investering<br \/>\n<\/strong><\/h1>\n<h2><strong>Svineproducent Lasse Hansen, Glamsbjerg, har rigtig gode erfaringer og udtaler:<br \/>\n<\/strong><\/h2>\n<\/div><div class=\"fusion-text fusion-text-2\"><p>&#8220;Praktikanterne fra Indien g\u00f8r det rigtig godt her i vores svineproduktion med 1.500 s\u00f8er med salg af sm\u00e5grise ved 30 kg.<\/p>\n<ul>\n<li>De er m\u00f8destabile, pligtopfyldende og behagelige at omg\u00e5s.<\/li>\n<li>Deres engelsk-niveau er s\u00e6rdeles tilfredsstillende.<\/li>\n<li>De varetager alle normale arbejdsopgaver i de forskellige afdelinger, som udf\u00f8res korrekt og omhyggeligt.<\/li>\n<\/ul>\n<p>Vi p\u00e5t\u00e6nker at tilbyde den f\u00f8rst ankomne praktikant en stilling som fodermester, n\u00e5r dennes praktikperiode udl\u00f8ber.&#8221;<\/p>\n<p><strong><em>Lasse Hansen, Svineproducent i Glamsbjerg.<\/em><\/strong><\/p>\n<\/div><div class=\"fusion-separator fusion-full-width-sep\" style=\"align-self: center;margin-left: auto;margin-right: auto;margin-bottom:50PX;width:100%;\"><div class=\"fusion-separator-border sep-single sep-solid\" style=\"--awb-height:20px;--awb-amount:20px;border-color:#e0dede;border-top-width:1px;\"><\/div><\/div><div class=\"fusion-text fusion-text-3\"><h2><strong>Landbrugets Jobservice er med hele vejen<\/strong><\/h2>\n<p>Landbrugets Jobservice h\u00e5ndterer formidling af praktikanter professionelt og kompetent. For eksempel taler vi altid med praktikanterne, inden aftaler indg\u00e5s. Landbrugets Jobservice er altid tilg\u00e6ngelig, ogs\u00e5 uden for normal arbejdstid. Det er desuden positivt, at Landbrugets Jobservice gennemf\u00f8rer opf\u00f8lgningsbes\u00f8g og dermed fuldf\u00f8rer formidlingsprocessen. Endelig er b\u00e5de vi og vores praktikanter glade for det \u00e5rlige arrangement med bespisning og foredrag, som Landbrugets Jobservice afholder.<\/p>\n<h2><strong>Er du interesseret i aftaler med udenlandske praktikanter?<br \/>\n<\/strong><\/h2>\n<p><strong>Kontakt Peder Top og h\u00f8r mere p\u00e5 tlf. +45 30 27 91 91 eller mail <a href=\"mailto:pt@lajo.dk\">pt@lajo.dk.<\/a><\/strong><\/p>\n<\/div><div class=\"fusion-separator fusion-full-width-sep\" style=\"align-self: center;margin-left: auto;margin-right: auto;margin-bottom:20px;width:100%;\"><\/div><\/div><\/div><\/div><\/div><div class=\"fusion-fullwidth fullwidth-box fusion-builder-row-2 fusion-flex-container has-pattern-background has-mask-background nonhundred-percent-fullwidth non-hundred-percent-height-scrolling\" style=\"--awb-border-radius-top-left:0px;--awb-border-radius-top-right:0px;--awb-border-radius-bottom-right:0px;--awb-border-radius-bottom-left:0px;--awb-padding-top:100px px;--awb-padding-bottom:100px px;--awb-margin-top:100px px;--awb-margin-bottom:100px px;--awb-background-color:rgba(235,234,234,0.76);--awb-flex-wrap:wrap;\" ><div class=\"fusion-builder-row fusion-row fusion-flex-align-items-flex-start fusion-flex-content-wrap\" style=\"max-width:1216.8px;margin-left: calc(-4% \/ 2 );margin-right: calc(-4% \/ 2 );\"><div class=\"fusion-layout-column fusion_builder_column fusion-builder-column-2 fusion_builder_column_1_1 1_1 fusion-flex-column\" style=\"--awb-bg-size:cover;--awb-width-large:100%;--awb-margin-top-large:0px;--awb-spacing-right-large:1.92%;--awb-margin-bottom-large:20px;--awb-spacing-left-large:1.92%;--awb-width-medium:100%;--awb-order-medium:0;--awb-spacing-right-medium:1.92%;--awb-spacing-left-medium:1.92%;--awb-width-small:100%;--awb-order-small:0;--awb-spacing-right-small:1.92%;--awb-spacing-left-small:1.92%;\"><div class=\"fusion-column-wrapper fusion-column-has-shadow fusion-flex-justify-content-flex-start fusion-content-layout-column\"><div class=\"fusion-separator fusion-full-width-sep\" style=\"align-self: center;margin-left: auto;margin-right: auto;margin-bottom:50PX;width:100%;\"><div class=\"fusion-separator-border sep-single sep-solid\" style=\"--awb-height:20px;--awb-amount:20px;border-color:#e0dede;border-top-width:1px;\"><\/div><\/div><\/div><\/div><div class=\"fusion-layout-column fusion_builder_column fusion-builder-column-3 fusion_builder_column_1_2 1_2 fusion-flex-column\" style=\"--awb-bg-size:cover;--awb-width-large:50%;--awb-margin-top-large:0px;--awb-spacing-right-large:3.84%;--awb-margin-bottom-large:20px;--awb-spacing-left-large:3.84%;--awb-width-medium:100%;--awb-order-medium:0;--awb-spacing-right-medium:1.92%;--awb-spacing-left-medium:1.92%;--awb-width-small:100%;--awb-order-small:0;--awb-spacing-right-small:1.92%;--awb-spacing-left-small:1.92%;\"><div class=\"fusion-column-wrapper fusion-column-has-shadow fusion-flex-justify-content-flex-start fusion-content-layout-column\"><div class=\"fusion-image-element \" style=\"--awb-caption-title-font-family:var(--h2_typography-font-family);--awb-caption-title-font-weight:var(--h2_typography-font-weight);--awb-caption-title-font-style:var(--h2_typography-font-style);--awb-caption-title-size:var(--h2_typography-font-size);--awb-caption-title-transform:var(--h2_typography-text-transform);--awb-caption-title-line-height:var(--h2_typography-line-height);--awb-caption-title-letter-spacing:var(--h2_typography-letter-spacing);\"><span class=\" fusion-imageframe imageframe-none imageframe-2 hover-type-none\"><img decoding=\"async\" width=\"1200\" height=\"675\" title=\"16388\" src=\"http:\/\/landbrugetsjobservice.dk\/wp-content\/uploads\/2020\/08\/16388.jpg\" alt class=\"img-responsive wp-image-12686\" srcset=\"https:\/\/landbrugetsjobservice.dk\/wp-content\/uploads\/2020\/08\/16388-200x113.jpg 200w, https:\/\/landbrugetsjobservice.dk\/wp-content\/uploads\/2020\/08\/16388-400x225.jpg 400w, https:\/\/landbrugetsjobservice.dk\/wp-content\/uploads\/2020\/08\/16388-600x338.jpg 600w, https:\/\/landbrugetsjobservice.dk\/wp-content\/uploads\/2020\/08\/16388-800x450.jpg 800w, https:\/\/landbrugetsjobservice.dk\/wp-content\/uploads\/2020\/08\/16388.jpg 1200w\" sizes=\"(max-width: 1024px) 100vw, (max-width: 640px) 100vw, 600px\" \/><\/span><\/div><\/div><\/div><div class=\"fusion-layout-column fusion_builder_column fusion-builder-column-4 fusion_builder_column_1_2 1_2 fusion-flex-column\" style=\"--awb-bg-size:cover;--awb-width-large:50%;--awb-margin-top-large:0px;--awb-spacing-right-large:3.84%;--awb-margin-bottom-large:20px;--awb-spacing-left-large:3.84%;--awb-width-medium:100%;--awb-spacing-right-medium:1.92%;--awb-spacing-left-medium:1.92%;--awb-width-small:100%;--awb-spacing-right-small:1.92%;--awb-spacing-left-small:1.92%;\"><div class=\"fusion-column-wrapper fusion-flex-justify-content-flex-start fusion-content-layout-column\"><div class=\"fusion-text fusion-text-4\"><h2><strong>PRAKTIKANTER FRA UDLANDET<\/strong><\/h2>\n<\/div><div class=\"fusion-text fusion-text-5\"><h4><strong>Vi har praktikanter fra mange lande til grise og k\u00f8er. Alle praktikanter har et godt niveau i engelsk.<\/strong><\/h4>\n<p><strong>Landbrugets Jobservice har NU ogs\u00e5 praktikanter fra Bangladesh, der har erfaring med k\u00f8er.<\/strong><\/p>\n<p>Landbrugets Jobservice er taget til Bangladesh for at tale med kommende praktikanter. \u00a0Der er afholdt seminarier i Dhaka med 225 interesserede og 180 i Sylhet og efterf\u00f8lgende personlige interviews. Databasen er nu fyldt med gode unge mennesker, som gerne vil arbejde med kv\u00e6g i Danmark.<\/p>\n<\/div><div class=\"fusion-separator fusion-full-width-sep\" style=\"align-self: center;margin-left: auto;margin-right: auto;margin-bottom:20px;width:100%;\"><\/div><\/div><\/div><div class=\"fusion-layout-column fusion_builder_column fusion-builder-column-5 fusion_builder_column_1_1 1_1 fusion-flex-column\" style=\"--awb-bg-size:cover;--awb-width-large:100%;--awb-margin-top-large:0px;--awb-spacing-right-large:1.92%;--awb-margin-bottom-large:20px;--awb-spacing-left-large:1.92%;--awb-width-medium:100%;--awb-order-medium:0;--awb-spacing-right-medium:1.92%;--awb-spacing-left-medium:1.92%;--awb-width-small:100%;--awb-order-small:0;--awb-spacing-right-small:1.92%;--awb-spacing-left-small:1.92%;\"><div class=\"fusion-column-wrapper fusion-column-has-shadow fusion-flex-justify-content-flex-start fusion-content-layout-column\"><div class=\"fusion-separator fusion-full-width-sep\" style=\"align-self: center;margin-left: auto;margin-right: auto;margin-bottom:50PX;width:100%;\"><div class=\"fusion-separator-border sep-single sep-solid\" style=\"--awb-height:20px;--awb-amount:20px;border-color:#e0dede;border-top-width:1px;\"><\/div><\/div><\/div><\/div><div class=\"fusion-layout-column fusion_builder_column fusion-builder-column-6 fusion_builder_column_1_1 1_1 fusion-flex-column\" style=\"--awb-bg-size:cover;--awb-width-large:100%;--awb-margin-top-large:0px;--awb-spacing-right-large:1.92%;--awb-margin-bottom-large:20px;--awb-spacing-left-large:1.92%;--awb-width-medium:100%;--awb-spacing-right-medium:1.92%;--awb-spacing-left-medium:1.92%;--awb-width-small:100%;--awb-spacing-right-small:1.92%;--awb-spacing-left-small:1.92%;\"><div class=\"fusion-column-wrapper fusion-flex-justify-content-flex-start fusion-content-layout-column\"><div class=\"fusion-text fusion-text-6\"><h2><strong>UDTALELSE OM VORES PRATIKANTER FRA BANGLADESH<br \/>\n<\/strong><\/h2>\n<\/div><div class=\"fusion-text fusion-text-7 awb-text-cols fusion-text-columns-2\" style=\"--awb-columns:2;--awb-column-spacing:2em;--awb-column-min-width:100px;--awb-margin-top:0px;\"><h4><strong>&#8220;Vores praktikanter fra Bangladesh g\u00f8r det rigtig godt her p\u00e5 vores kv\u00e6gbrug&#8221;<\/strong><\/h4>\n<p><strong>Udtalelse fra Dikkie van Mourik, Landmand i Hovborg.<br \/>\n<\/strong><\/p>\n<p>\u201dDe er m\u00f8destabile, pligtopfyldende og behagelige at omg\u00e5s. Deres Engelsk-niveau er s\u00e6rdeles tilfredsstillende. De varetager forskellige arbejdsopgaver, herunder malkning af vores 250 k\u00f8er. De udf\u00f8rer opgaverne omhyggeligt og korrekt. Landbrugets Jobservice har st\u00e5et for formidlingen af praktikanterne, der er foreg\u00e5et professionelt og kompetent. Blandt andet taler vi med praktikanterne f\u00f8r en aftale indg\u00e5s. Firmaet er altid til at komme i kontakt med, ogs\u00e5 uden for normal arbejdstid. Dern\u00e6st er det en god ting, at de kommer p\u00e5 opf\u00f8lgningsbes\u00f8g og p\u00e5 den m\u00e5de f\u00f8lger formidlingen til d\u00f8rs.<\/p>\n<p>Endelig er vi og vores praktikanter glade for det \u00e5rlige arrangement med bespisning og foredrag Landbrugets Jobservice afholder. Vores n\u00e6ste Praktikant fra Bangladesh via Landbrugets Jobservice er allerede p\u00e5 vej.\u201d<\/p>\n<\/div><div class=\"fusion-separator fusion-full-width-sep\" style=\"align-self: center;margin-left: auto;margin-right: auto;margin-bottom:20px;width:100%;\"><\/div><\/div><\/div><div class=\"fusion-layout-column fusion_builder_column fusion-builder-column-7 fusion_builder_column_1_1 1_1 fusion-flex-column\" style=\"--awb-bg-size:cover;--awb-width-large:100%;--awb-margin-top-large:0px;--awb-spacing-right-large:1.92%;--awb-margin-bottom-large:20px;--awb-spacing-left-large:1.92%;--awb-width-medium:100%;--awb-order-medium:0;--awb-spacing-right-medium:1.92%;--awb-spacing-left-medium:1.92%;--awb-width-small:100%;--awb-order-small:0;--awb-spacing-right-small:1.92%;--awb-spacing-left-small:1.92%;\"><div class=\"fusion-column-wrapper fusion-column-has-shadow fusion-flex-justify-content-flex-start fusion-content-layout-column\"><div class=\"fusion-separator fusion-full-width-sep\" style=\"align-self: center;margin-left: auto;margin-right: auto;margin-bottom:50PX;width:100%;\"><div class=\"fusion-separator-border sep-single sep-solid\" style=\"--awb-height:20px;--awb-amount:20px;border-color:#e0dede;border-top-width:1px;\"><\/div><\/div><div class=\"fusion-separator fusion-full-width-sep\" style=\"align-self: center;margin-left: auto;margin-right: auto;margin-bottom:20px;width:100%;\"><\/div><\/div><\/div><\/div><\/div><\/p>\n","protected":false},"excerpt":{"rendered":"","protected":false},"author":3,"featured_media":0,"parent":0,"menu_order":0,"comment_status":"closed","ping_status":"open","template":"100-width.php","meta":{"footnotes":""},"class_list":["post-7","page","type-page","status-publish","hentry"],"_links":{"self":[{"href":"https:\/\/landbrugetsjobservice.dk\/index.php?rest_route=\/wp\/v2\/pages\/7","targetHints":{"allow":["GET"]}}],"collection":[{"href":"https:\/\/landbrugetsjobservice.dk\/index.php?rest_route=\/wp\/v2\/pages"}],"about":[{"href":"https:\/\/landbrugetsjobservice.dk\/index.php?rest_route=\/wp\/v2\/types\/page"}],"author":[{"embeddable":true,"href":"https:\/\/landbrugetsjobservice.dk\/index.php?rest_route=\/wp\/v2\/users\/3"}],"replies":[{"embeddable":true,"href":"https:\/\/landbrugetsjobservice.dk\/index.php?rest_route=%2Fwp%2Fv2%2Fcomments&post=7"}],"version-history":[{"count":18,"href":"https:\/\/landbrugetsjobservice.dk\/index.php?rest_route=\/wp\/v2\/pages\/7\/revisions"}],"predecessor-version":[{"id":13378,"href":"https:\/\/landbrugetsjobservice.dk\/index.php?rest_route=\/wp\/v2\/pages\/7\/revisions\/13378"}],"wp:attachment":[{"href":"https:\/\/landbrugetsjobservice.dk\/index.php?rest_route=%2Fwp%2Fv2%2Fmedia&parent=7"}],"curies":[{"name":"wp","href":"https:\/\/api.w.org\/{rel}","templated":true}]}}